{"id":18,"date":"2025-11-29T15:08:06","date_gmt":"2025-11-29T15:08:06","guid":{"rendered":"https:\/\/ontherapy.ch\/?page_id=18"},"modified":"2026-03-26T12:21:31","modified_gmt":"2026-03-26T12:21:31","slug":"contact-physiotherapie-grand-saconnex","status":"publish","type":"page","link":"https:\/\/ontherapy.ch\/en\/contact-physiotherapie-grand-saconnex\/","title":{"rendered":"CONTACT"},"content":{"rendered":"<div class=\"wp-block-cover alignfull is-light\" style=\"padding-top:32px;padding-right:24px;padding-bottom:60px;padding-left:24px;min-height:50px;aspect-ratio:unset;\"><span aria-hidden=\"true\" class=\"wp-block-cover__background has-custom-secondaire-background-color has-background-dim-10 has-background-dim\"><\/span><div class=\"wp-block-cover__inner-container has-global-padding is-layout-constrained wp-container-core-cover-is-layout-37e7a30a wp-block-cover-is-layout-constrained\">\n<h1 class=\"wp-block-heading has-text-align-center has-custom-secondaire-color has-text-color\" style=\"margin-top:1rem;margin-bottom:6rem;font-size:clamp(1.6rem, 1.6rem + ((1vw - 0.2rem) * 2), 2.7rem);font-style:normal;font-weight:600;line-height:1.2\">Contact \u2013 On Therapy \u2013 Physioth\u00e9rapie au Grand-Saconnex, proche de Gen\u00e8ve<\/h1>\n\n\n\n<p><\/p>\n\n\n\n<div class=\"wp-block-columns is-layout-flex wp-container-core-columns-is-layout-28f84493 wp-block-columns-is-layout-flex\">\n<div class=\"wp-block-column is-layout-flow wp-block-column-is-layout-flow\">\n<div class=\"wp-block-columns has-background is-layout-flex wp-container-core-columns-is-layout-ee7fd13c wp-block-columns-is-layout-flex\" style=\"border-radius:12px;background-color:#faf5f1;padding-top:32px;padding-right:32px;padding-bottom:32px;padding-left:32px\">\n<div class=\"wp-block-column is-vertically-aligned-top is-layout-flow wp-block-column-is-layout-flow\" style=\"flex-basis:80px\">\n<div class=\"wp-block-group has-background has-global-padding is-layout-constrained wp-container-core-group-is-layout-c5bda986 wp-block-group-is-layout-constrained\" style=\"border-radius:100%;background-color:#ffffff;min-height:100%;padding-top:20px;padding-right:20px;padding-bottom:20px;padding-left:20px\">\n<figure data-wp-context=\"{&quot;imageId&quot;:&quot;69d79469c9ea6&quot;}\" data-wp-interactive=\"core\/image\" data-wp-key=\"69d79469c9ea6\" class=\"wp-block-image size-full is-resized is-style-default wp-lightbox-container\"><img decoding=\"async\" data-wp-class--hide=\"state.isContentHidden\" data-wp-class--show=\"state.isContentVisible\" data-wp-init=\"callbacks.setButtonStyles\" data-wp-on--click=\"actions.showLightbox\" data-wp-on--load=\"callbacks.setButtonStyles\" data-wp-on-window--resize=\"callbacks.setButtonStyles\" src=\"https:\/\/tyler.com\/wp-content\/uploads\/2023\/11\/pin.png\" alt=\"\" class=\"wp-image-82960\" style=\"width:40px\"\/><button\n\t\t\tclass=\"lightbox-trigger\"\n\t\t\ttype=\"button\"\n\t\t\taria-haspopup=\"dialog\"\n\t\t\taria-label=\"Enlarge\"\n\t\t\tdata-wp-init=\"callbacks.initTriggerButton\"\n\t\t\tdata-wp-on--click=\"actions.showLightbox\"\n\t\t\tdata-wp-style--right=\"state.imageButtonRight\"\n\t\t\tdata-wp-style--top=\"state.imageButtonTop\"\n\t\t>\n\t\t\t<svg xmlns=\"http:\/\/www.w3.org\/2000\/svg\" width=\"12\" height=\"12\" fill=\"none\" viewbox=\"0 0 12 12\">\n\t\t\t\t<path fill=\"#fff\" d=\"M2 0a2 2 0 0 0-2 2v2h1.5V2a.5.5 0 0 1 .5-.5h2V0H2Zm2 10.5H2a.5.5 0 0 1-.5-.5V8H0v2a2 2 0 0 0 2 2h2v-1.5ZM8 12v-1.5h2a.5.5 0 0 0 .5-.5V8H12v2a2 2 0 0 1-2 2H8Zm2-12a2 2 0 0 1 2 2v2h-1.5V2a.5.5 0 0 0-.5-.5H8V0h2Z\" \/>\n\t\t\t<\/svg>\n\t\t<\/button><\/figure>\n<\/div>\n<\/div>\n\n\n\n<div class=\"wp-block-column is-vertically-aligned-center is-layout-flow wp-block-column-is-layout-flow\">\n<div class=\"wp-block-group has-global-padding is-layout-constrained wp-container-core-group-is-layout-614e4cd0 wp-block-group-is-layout-constrained\" style=\"padding-top:0rem;padding-right:0rem;padding-bottom:0rem;padding-left:0rem\">\n<h3 class=\"wp-block-heading has-text-color\" style=\"color:#393939;font-size:clamp(1.044rem, 1.044rem + ((1vw - 0.2rem) * 1.029), 1.61rem);font-style:normal;font-weight:600;letter-spacing:0px\"><\/h3>\n\n\n\n<p class=\"has-text-color\" style=\"color:#252525;margin-top:0;margin-right:0;margin-bottom:0;margin-left:0;font-size:clamp(0.875rem, 0.875rem + ((1vw - 0.2rem) * 0.064), 0.91rem);font-style:normal;font-weight:500\">Chemin Taverney 13 <\/p>\n\n\n\n<p class=\"has-text-color\" style=\"color:#252525;margin-top:0;margin-right:0;margin-bottom:0;margin-left:0;font-size:clamp(0.875rem, 0.875rem + ((1vw - 0.2rem) * 0.064), 0.91rem);font-style:normal;font-weight:500\">1218 Le Grand-Saconnex<\/p>\n<\/div>\n<\/div>\n<\/div>\n<\/div>\n\n\n\n<div class=\"wp-block-column is-layout-flow wp-block-column-is-layout-flow\">\n<div class=\"wp-block-columns has-background is-layout-flex wp-container-core-columns-is-layout-ee7fd13c wp-block-columns-is-layout-flex\" style=\"border-radius:12px;background-color:#faf5f1;padding-top:32px;padding-right:32px;padding-bottom:32px;padding-left:32px\">\n<div class=\"wp-block-column is-vertically-aligned-top is-layout-flow wp-block-column-is-layout-flow\" style=\"flex-basis:80px\">\n<div class=\"wp-block-group has-background has-global-padding is-layout-constrained wp-container-core-group-is-layout-c5bda986 wp-block-group-is-layout-constrained\" style=\"border-radius:100%;background-color:#ffffff;min-height:100%;padding-top:20px;padding-right:20px;padding-bottom:20px;padding-left:20px\">\n<figure data-wp-context=\"{&quot;imageId&quot;:&quot;69d79469ca87b&quot;}\" data-wp-interactive=\"core\/image\" data-wp-key=\"69d79469ca87b\" class=\"wp-block-image size-full is-resized is-style-default wp-lightbox-container\"><img decoding=\"async\" data-wp-class--hide=\"state.isContentHidden\" data-wp-class--show=\"state.isContentVisible\" data-wp-init=\"callbacks.setButtonStyles\" data-wp-on--click=\"actions.showLightbox\" data-wp-on--load=\"callbacks.setButtonStyles\" data-wp-on-window--resize=\"callbacks.setButtonStyles\" src=\"https:\/\/tyler.com\/wp-content\/uploads\/2023\/11\/telephone.png\" alt=\"\" class=\"wp-image-82958\" style=\"width:40px\"\/><button\n\t\t\tclass=\"lightbox-trigger\"\n\t\t\ttype=\"button\"\n\t\t\taria-haspopup=\"dialog\"\n\t\t\taria-label=\"Enlarge\"\n\t\t\tdata-wp-init=\"callbacks.initTriggerButton\"\n\t\t\tdata-wp-on--click=\"actions.showLightbox\"\n\t\t\tdata-wp-style--right=\"state.imageButtonRight\"\n\t\t\tdata-wp-style--top=\"state.imageButtonTop\"\n\t\t>\n\t\t\t<svg xmlns=\"http:\/\/www.w3.org\/2000\/svg\" width=\"12\" height=\"12\" fill=\"none\" viewbox=\"0 0 12 12\">\n\t\t\t\t<path fill=\"#fff\" d=\"M2 0a2 2 0 0 0-2 2v2h1.5V2a.5.5 0 0 1 .5-.5h2V0H2Zm2 10.5H2a.5.5 0 0 1-.5-.5V8H0v2a2 2 0 0 0 2 2h2v-1.5ZM8 12v-1.5h2a.5.5 0 0 0 .5-.5V8H12v2a2 2 0 0 1-2 2H8Zm2-12a2 2 0 0 1 2 2v2h-1.5V2a.5.5 0 0 0-.5-.5H8V0h2Z\" \/>\n\t\t\t<\/svg>\n\t\t<\/button><\/figure>\n<\/div>\n<\/div>\n\n\n\n<div class=\"wp-block-column is-vertically-aligned-center is-layout-flow wp-block-column-is-layout-flow\">\n<div class=\"wp-block-group has-global-padding is-layout-constrained wp-container-core-group-is-layout-614e4cd0 wp-block-group-is-layout-constrained\" style=\"padding-top:0rem;padding-right:0rem;padding-bottom:0rem;padding-left:0rem\">\n<h3 class=\"wp-block-heading has-text-color\" style=\"color:#393939;font-size:clamp(1.044rem, 1.044rem + ((1vw - 0.2rem) * 1.029), 1.61rem);font-style:normal;font-weight:600;letter-spacing:0px\"><\/h3>\n\n\n\n<p class=\"has-text-color\" style=\"color:#252525;margin-top:0;margin-right:0;margin-bottom:0;margin-left:0;font-size:clamp(0.875rem, 0.875rem + ((1vw - 0.2rem) * 0.064), 0.91rem);font-style:normal;font-weight:500\">+41 (0)22 920 01 11<\/p>\n<\/div>\n<\/div>\n<\/div>\n<\/div>\n\n\n\n<div class=\"wp-block-column is-layout-flow wp-block-column-is-layout-flow\">\n<div class=\"wp-block-columns has-background is-layout-flex wp-container-core-columns-is-layout-ee7fd13c wp-block-columns-is-layout-flex\" style=\"border-radius:12px;background-color:#faf5f1;padding-top:32px;padding-right:32px;padding-bottom:32px;padding-left:32px\">\n<div class=\"wp-block-column is-vertically-aligned-top is-layout-flow wp-block-column-is-layout-flow\" style=\"flex-basis:80px\">\n<div class=\"wp-block-group has-background has-global-padding is-layout-constrained wp-container-core-group-is-layout-c5bda986 wp-block-group-is-layout-constrained\" style=\"border-radius:100%;background-color:#ffffff;min-height:100%;padding-top:20px;padding-right:20px;padding-bottom:20px;padding-left:20px\">\n<figure data-wp-context=\"{&quot;imageId&quot;:&quot;69d79469cb004&quot;}\" data-wp-interactive=\"core\/image\" data-wp-key=\"69d79469cb004\" class=\"wp-block-image size-full is-resized is-style-default wp-lightbox-container\"><img decoding=\"async\" data-wp-class--hide=\"state.isContentHidden\" data-wp-class--show=\"state.isContentVisible\" data-wp-init=\"callbacks.setButtonStyles\" data-wp-on--click=\"actions.showLightbox\" data-wp-on--load=\"callbacks.setButtonStyles\" data-wp-on-window--resize=\"callbacks.setButtonStyles\" src=\"https:\/\/tyler.com\/wp-content\/uploads\/2023\/11\/email.png\" alt=\"\" class=\"wp-image-82959\" style=\"width:40px\"\/><button\n\t\t\tclass=\"lightbox-trigger\"\n\t\t\ttype=\"button\"\n\t\t\taria-haspopup=\"dialog\"\n\t\t\taria-label=\"Enlarge\"\n\t\t\tdata-wp-init=\"callbacks.initTriggerButton\"\n\t\t\tdata-wp-on--click=\"actions.showLightbox\"\n\t\t\tdata-wp-style--right=\"state.imageButtonRight\"\n\t\t\tdata-wp-style--top=\"state.imageButtonTop\"\n\t\t>\n\t\t\t<svg xmlns=\"http:\/\/www.w3.org\/2000\/svg\" width=\"12\" height=\"12\" fill=\"none\" viewbox=\"0 0 12 12\">\n\t\t\t\t<path fill=\"#fff\" d=\"M2 0a2 2 0 0 0-2 2v2h1.5V2a.5.5 0 0 1 .5-.5h2V0H2Zm2 10.5H2a.5.5 0 0 1-.5-.5V8H0v2a2 2 0 0 0 2 2h2v-1.5ZM8 12v-1.5h2a.5.5 0 0 0 .5-.5V8H12v2a2 2 0 0 1-2 2H8Zm2-12a2 2 0 0 1 2 2v2h-1.5V2a.5.5 0 0 0-.5-.5H8V0h2Z\" \/>\n\t\t\t<\/svg>\n\t\t<\/button><\/figure>\n<\/div>\n<\/div>\n\n\n\n<div class=\"wp-block-column is-vertically-aligned-center is-layout-flow wp-block-column-is-layout-flow\">\n<div class=\"wp-block-group has-global-padding is-layout-constrained wp-container-core-group-is-layout-614e4cd0 wp-block-group-is-layout-constrained\" style=\"padding-top:0rem;padding-right:0rem;padding-bottom:0rem;padding-left:0rem\">\n<h3 class=\"wp-block-heading has-text-color\" style=\"color:#393939;font-size:clamp(1.044rem, 1.044rem + ((1vw - 0.2rem) * 1.029), 1.61rem);font-style:normal;font-weight:600;letter-spacing:0px\"><\/h3>\n\n\n\n<p class=\"has-text-color\" style=\"color:#252525;margin-top:0;margin-right:0;margin-bottom:0;margin-left:0;font-size:clamp(0.875rem, 0.875rem + ((1vw - 0.2rem) * 0.064), 0.91rem);font-style:normal;font-weight:500\">info@ontherapy.ch<\/p>\n<\/div>\n<\/div>\n<\/div>\n<\/div>\n<\/div>\n<\/div><\/div>\n\n\n\n<div class=\"wp-block-group alignfull has-global-padding is-content-justification-center is-layout-constrained wp-container-core-group-is-layout-de40434a wp-block-group-is-layout-constrained\" style=\"margin-bottom:100px;padding-top:100px;padding-right:0px;padding-left:0px\">\n<div class=\"wp-block-columns alignfull is-layout-flex wp-container-core-columns-is-layout-11bda0fe wp-block-columns-is-layout-flex\" style=\"padding-right:2rem;padding-left:2rem\">\n<div class=\"wp-block-column is-layout-flow wp-container-core-column-is-layout-3ca914a4 wp-block-column-is-layout-flow\">\n<h2 class=\"wp-block-heading has-text-align-center has-custom-secondaire-color has-text-color translation-block\" style=\"font-size:clamp(23.043px, 1.44rem + ((1vw - 3.2px) * 1.7), 38px);\">\ud83d\uddfa\ufe0f Access to the physiotherapy clinic <strong>On Therapy (formerly Physio Taverney)<\/strong><\/h2>\n\n\n\n<hr class=\"wp-block-separator has-alpha-channel-opacity\"\/>\n\n\n\n<h2 class=\"wp-block-heading\"><\/h2>\n\n\n\n<p class=\"translation-block\">The <strong>On Therapy<\/strong> clinic welcomes you in <strong>Grand-Saconnex (Geneva)<\/strong>, in the heart of a quiet and well-connected residential area.<br>\n\ud83d\udccd <strong>Chemin Taverney 13, 1218 Le Grand-Saconnex, Geneva<\/strong> \u2014 a physiotherapy practice focused on well-being, sports rehabilitation, and functional recovery.<\/p>\n\n\n\n<p>The location is easily accessible on foot, by bike, or by public transport, close to the main roads of Grand-Saconnex.<\/p>\n\n\n\n<hr class=\"wp-block-separator has-alpha-channel-opacity\"\/>\n\n\n\n<h2 class=\"wp-block-heading has-custom-primaire-color has-text-color has-link-color wp-elements-37325fd594e146155689e25465f19cc7 translation-block\">\ud83d\ude86 By public transport <a href=\"https:\/\/www.tpg.ch\/\" data-type=\"link\" data-id=\"https:\/\/www.tpg.ch\/\" target=\"_blank\" rel=\"noopener\">(TPG)<\/a><\/h2>\n\n\n\n<ul class=\"wp-block-list\">\n<li class=\"translation-block\"><strong>Bus 53<\/strong> \u2013 <strong>Taverney<\/strong> stop (right next to the clinic)<\/li>\n\n\n\n<li class=\"translation-block\"><strong>Bus 3<\/strong> \u2013 <strong>Gardiol<\/strong> terminus (a few minutes\u2019 walk)<\/li>\n<\/ul>\n\n\n\n<blockquote class=\"wp-block-quote is-layout-flow wp-block-quote-is-layout-flow\">\n<p>The clinic is very well served by public transport and just a short walking distance from the stops.<\/p>\n<\/blockquote>\n\n\n\n<hr class=\"wp-block-separator has-alpha-channel-opacity\"\/>\n\n\n\n<h2 class=\"wp-block-heading\">\ud83d\ude97 By car<\/h2>\n\n\n\n<p>Access is easy from the main roads around Grand-Saconnex and Geneva (Route de Ferney, Route de Meyrin, or the A1 motorway).<\/p>\n\n\n\n<p>\ud83d\udc49 Several parking options available nearby:<\/p>\n\n\n\n<ul class=\"wp-block-list\">\n<li class=\"translation-block\">We provide <strong>three reserved parking spaces<\/strong>: <strong>No. 66, 67, and E27<\/strong>.<\/li>\n\n\n\n<li class=\"translation-block\">The clinic is also located in a <strong>15-hour limited parking zone<\/strong>, with additional parking spaces available nearby.<\/li>\n\n\n\n<li>Public parking areas in the neighborhood (please check time restrictions).<\/li>\n<\/ul>\n\n\n\n<hr class=\"wp-block-separator has-alpha-channel-opacity\"\/>\n\n\n\n<h2 class=\"wp-block-heading\">\ud83d\udeb4 By active mobility<\/h2>\n\n\n\n<p>The clinic is easily accessible by bike, with racks or parking spaces available near the entrance.<\/p>\n\n\n\n<hr class=\"wp-block-separator has-alpha-channel-opacity\"\/>\n\n\n\n<h2 class=\"wp-block-heading\">\u267f Accessible entrance<\/h2>\n\n\n\n<p>The clinic offers suitable access conditions, with step-free entry and comfortable spaces for welcoming patients.<\/p>\n\n\n\n<p class=\"has-text-align-left\">The location is easily accessible on foot, by bike, or by public transport, close to the main roads of Grand-Saconnex.<\/p>\n<\/div>\n<\/div>\n<\/div>\n\n\n\n<div class=\"wp-block-group alignfull is-layout-flow wp-block-group-is-layout-flow\" style=\"margin-top:0;margin-bottom:0\">\n<div style=\"max-width:1200px;margin:auto;\">\n  <iframe\n    src=\"https:\/\/www.google.com\/maps\/embed?pb=!1m18!1m12!1m3!1d5016.907186522089!2d6.117081975993698!3d46.22999257109682!2m3!1f0!2f0!3f0!3m2!1i1024!2i768!4f13.1!3m3!1m2!1s0x478c648dcc8eafc7%3A0xe25d96d018f9f4df!2sphysio%20taverney!5e1!3m2!1sen!2sch!4v1770734154392!5m2!1sen!2sch\"\n    width=\"100%\"\n    height=\"450\"\n    style=\"border:0;\"\n    loading=\"lazy\"\n    referrerpolicy=\"no-referrer-when-downgrade\">\n  <\/iframe>\n<\/div>\n<\/div>\n\n\n\n<div class=\"wp-block-group has-global-padding is-layout-constrained wp-block-group-is-layout-constrained\">\n<div class=\"wp-block-group alignwide has-global-padding is-layout-constrained wp-container-core-group-is-layout-65372090 wp-block-group-is-layout-constrained\" style=\"margin-top:80px;margin-bottom:80px;padding-right:0px;padding-left:0px\">\n<h2 class=\"wp-block-heading has-text-align-center\">FAQ \u2013 Contact On Therapy (Grand-Saconnex)<\/h2>\n\n\n\n<hr class=\"wp-block-separator has-alpha-channel-opacity\"\/>\n\n\n\n<h3 class=\"wp-block-heading has-text-align-center\">O\u00f9 se trouve le cabinet On Therapy au Grand-Saconnex ?<\/h3>\n\n\n\n<p class=\"has-text-align-center\">Le cabinet On Therapy est situ\u00e9 au Grand-Saconnex, aux portes de Gen\u00e8ve. Retrouvez l\u2019adresse compl\u00e8te et l\u2019itin\u00e9raire sur cette page Contact.<\/p>\n\n\n\n<h3 class=\"wp-block-heading has-text-align-center\">Comment venir au cabinet en transports publics depuis Gen\u00e8ve ?<\/h3>\n\n\n\n<p class=\"has-text-align-center\">Le cabinet est accessible facilement depuis Gen\u00e8ve en transports publics. Consultez la section \u00ab Acc\u00e8s au cabinet \u00bb pour les lignes et arr\u00eats les plus proches.<\/p>\n\n\n\n<h3 class=\"wp-block-heading has-text-align-center\">Y a-t-il des possibilit\u00e9s de parking \u00e0 proximit\u00e9 ?<\/h3>\n\n\n\n<p class=\"has-text-align-center\">Oui, des solutions de stationnement sont disponibles \u00e0 proximit\u00e9. Les informations d\u00e9taill\u00e9es (parkings et places r\u00e9serv\u00e9es) figurent dans la section \u00ab Parking \u00bb de cette page.<\/p>\n\n\n\n<h3 class=\"wp-block-heading has-text-align-center\">Comment prendre rendez-vous chez On Therapy ?<\/h3>\n\n\n\n<p class=\"has-text-align-center\">Vous pouvez nous contacter par t\u00e9l\u00e9phone, par e-mail ou <a href=\"https:\/\/ontherapy.ch\/en\/rendez-vous\/\">prendre rendez-vous en ligne<\/a>. Pour une r\u00e9ponse rapide, privil\u00e9giez l\u2019appel pendant les heures d\u2019ouverture.<\/p>\n\n\n\n<h3 class=\"wp-block-heading has-text-align-center\">Le cabinet est-il accessible aux personnes \u00e0 mobilit\u00e9 r\u00e9duite (PMR) ?<\/h3>\n\n\n\n<p class=\"has-text-align-center\">Oui, le cabinet dispose d\u2019un acc\u00e8s facilit\u00e9, avec des conditions adapt\u00e9es pour les personnes \u00e0 mobilit\u00e9 r\u00e9duite.<\/p>\n<\/div>\n<\/div>","protected":false},"excerpt":{"rendered":"<p>\ud83d\uddfa\ufe0f Acc\u00e8s au cabinet de physioth\u00e9rapie On Therapy (anciennement Physio Taverney) Le cabinet On Therapy vous accueille dans la commune du Grand-Saconnex (Gen\u00e8ve), au c\u0153ur d\u2019un environnement r\u00e9sidentiel calme et bien desservi.\ud83d\udccd Chemin Taverney 13, 1218 Le Grand-Saconnex, Gen\u00e8ve \u2014 pratique de physioth\u00e9rapie orient\u00e9e vers le bien-\u00eatre, la r\u00e9\u00e9ducation sportive et fonctionnelle. L\u2019emplacement est facilement [&hellip;]<\/p>","protected":false},"author":1,"featured_media":0,"parent":0,"menu_order":0,"comment_status":"closed","ping_status":"closed","template":"","meta":{"footnotes":""},"class_list":["post-18","page","type-page","status-publish","hentry"],"_links":{"self":[{"href":"https:\/\/ontherapy.ch\/en\/wp-json\/wp\/v2\/pages\/18","targetHints":{"allow":["GET"]}}],"collection":[{"href":"https:\/\/ontherapy.ch\/en\/wp-json\/wp\/v2\/pages"}],"about":[{"href":"https:\/\/ontherapy.ch\/en\/wp-json\/wp\/v2\/types\/page"}],"author":[{"embeddable":true,"href":"https:\/\/ontherapy.ch\/en\/wp-json\/wp\/v2\/users\/1"}],"replies":[{"embeddable":true,"href":"https:\/\/ontherapy.ch\/en\/wp-json\/wp\/v2\/comments?post=18"}],"version-history":[{"count":25,"href":"https:\/\/ontherapy.ch\/en\/wp-json\/wp\/v2\/pages\/18\/revisions"}],"predecessor-version":[{"id":579,"href":"https:\/\/ontherapy.ch\/en\/wp-json\/wp\/v2\/pages\/18\/revisions\/579"}],"wp:attachment":[{"href":"https:\/\/ontherapy.ch\/en\/wp-json\/wp\/v2\/media?parent=18"}],"curies":[{"name":"wp","href":"https:\/\/api.w.org\/{rel}","templated":true}]}}