{"id":22,"date":"2025-11-29T15:08:34","date_gmt":"2025-11-29T15:08:34","guid":{"rendered":"https:\/\/ontherapy.ch\/?page_id=22"},"modified":"2026-03-25T16:32:38","modified_gmt":"2026-03-25T16:32:38","slug":"le-cabinet","status":"publish","type":"page","link":"https:\/\/ontherapy.ch\/en\/le-cabinet\/","title":{"rendered":"THE CABINET"},"content":{"rendered":"<div class=\"wp-block-cover alignfull\" style=\"padding-top:0%;padding-bottom:0rem;min-height:425px;aspect-ratio:unset;\"><img loading=\"lazy\" decoding=\"async\" width=\"1024\" height=\"685\" class=\"wp-block-cover__image-background wp-image-123 size-large\" alt=\"black bed frame on brown wooden parquet floor\" src=\"https:\/\/ontherapy.ch\/wp-content\/uploads\/2026\/01\/aanvpkwaldg-1024x685.jpg\" data-object-fit=\"cover\" srcset=\"https:\/\/ontherapy.ch\/wp-content\/uploads\/2026\/01\/aanvpkwaldg-1024x685.jpg 1024w, https:\/\/ontherapy.ch\/wp-content\/uploads\/2026\/01\/aanvpkwaldg-300x201.jpg 300w, https:\/\/ontherapy.ch\/wp-content\/uploads\/2026\/01\/aanvpkwaldg-768x514.jpg 768w, https:\/\/ontherapy.ch\/wp-content\/uploads\/2026\/01\/aanvpkwaldg-1536x1027.jpg 1536w, https:\/\/ontherapy.ch\/wp-content\/uploads\/2026\/01\/aanvpkwaldg.jpg 1600w\" sizes=\"auto, (max-width: 1024px) 100vw, 1024px\" \/><span aria-hidden=\"true\" class=\"wp-block-cover__background has-background-dim-0 has-background-dim\" style=\"background-color:#767673\"><\/span><div class=\"wp-block-cover__inner-container has-global-padding is-layout-constrained wp-container-core-cover-is-layout-97610f78 wp-block-cover-is-layout-constrained\">\n<div class=\"wp-block-group alignwide is-vertical is-content-justification-left is-layout-flex wp-container-core-group-is-layout-b21d21b4 wp-block-group-is-layout-flex\" style=\"min-height:520px\">\n<div class=\"wp-block-group is-nowrap is-layout-flex wp-container-core-group-is-layout-6c531013 wp-block-group-is-layout-flex\">\n<div class=\"wp-block-group has-global-padding is-layout-constrained wp-container-core-group-is-layout-92ef7b19 wp-block-group-is-layout-constrained\">\n<h2 class=\"wp-block-heading has-text-align-left has-custom-secondaire-color has-text-color\" style=\"border-width:20px;margin-bottom:0rem;font-size:clamp(2.422rem, 2.422rem + ((1vw - 0.2rem) * 3.796), 4.51rem);font-style:normal;font-weight:700;line-height:1.2\">The Practice<\/h2>\n\n\n\n<p class=\"has-text-align-left has-text-color\" style=\"color:#fffffd;margin-top:0;margin-bottom:0;padding-top:0;padding-right:0;padding-bottom:0;padding-left:0;font-size:clamp(0.935rem, 0.935rem + ((1vw - 0.2rem) * 0.864), 1.41rem);font-style:normal;font-weight:400;line-height:1.3\"><\/p>\n\n\n\n<div class=\"wp-block-group is-vertical is-content-justification-stretch is-layout-flex wp-container-core-group-is-layout-53ad70e0 wp-block-group-is-layout-flex\" style=\"margin-top:1.61rem;padding-right:0px;padding-left:0px\">\n<div class=\"wp-block-group has-global-padding is-content-justification-left is-layout-constrained wp-container-core-group-is-layout-a938e025 wp-block-group-is-layout-constrained\" style=\"margin-top:0px\">\n<div class=\"wp-block-buttons is-horizontal is-content-justification-right is-layout-flex wp-container-core-buttons-is-layout-099266fd wp-block-buttons-is-layout-flex\" style=\"margin-top:0.51rem\">\n<div class=\"wp-block-button has-custom-width wp-block-button__width-100 is-style-fill\"><a class=\"wp-block-button__link has-custom-secondaire-background-color has-text-color has-background has-custom-font-size wp-element-button\" href=\"https:\/\/ontherapy.ch\/en\/rendez-vous\/\" style=\"border-style:none;border-width:0px;border-radius:0rem;color:#fffffd;padding-top:0.71rem;padding-right:0.31rem;padding-bottom:0.71rem;padding-left:0.31rem;font-size:clamp(0.875rem, 0.875rem + ((1vw - 0.2rem) * 0.245), 1.01rem);font-style:normal;font-weight:600;line-height:1.5;text-transform:capitalize\">BOOK AN APPOINTMENT<\/a><\/div>\n<\/div>\n<\/div>\n<\/div>\n<\/div>\n\n\n\n<p><\/p>\n<\/div>\n<\/div>\n<\/div><\/div>\n\n\n\n<div class=\"wp-block-group alignfull has-background has-global-padding is-content-justification-center is-layout-constrained wp-container-core-group-is-layout-cf81774d wp-block-group-is-layout-constrained\" style=\"background-color:#ffffff;margin-top:0px;margin-bottom:0px;padding-top:75px;padding-right:50px;padding-bottom:0px;padding-left:50px\">\n<div class=\"wp-block-columns are-vertically-aligned-center is-layout-flex wp-container-core-columns-is-layout-28f84493 wp-block-columns-is-layout-flex\">\n<div class=\"wp-block-column is-vertically-aligned-center has-global-padding is-layout-constrained wp-container-core-column-is-layout-dadd0ff5 wp-block-column-is-layout-constrained\" style=\"flex-basis:1050px\">\n<p class=\"has-text-align-left translation-block\">At the <strong>On Therapy Physiotherapy Clinic<\/strong>, we provide you with a <strong>modern and fully equipped space<\/strong>, located in <strong>Grand-Saconnex<\/strong>, on the outskirts of <strong>Geneva<\/strong>.<br>Our facilities have been designed for <strong>rehabilitation<\/strong>, <strong>injury prevention<\/strong>, and <strong>physical conditioning<\/strong>, whether you are a recreational athlete, a professional athlete, or simply focused on maintaining your health.<\/p>\n\n\n\n<h3 class=\"wp-block-heading has-text-align-left has-custom-secondaire-color has-text-color has-link-color wp-elements-e906655aecca5b81feca73f5c88152ca\" style=\"font-style:normal;font-weight:600\">State-of-the-art equipment<\/h3>\n\n\n\n<ul class=\"wp-block-list\">\n<li class=\"translation-block\"><strong>Leg Press<\/strong> to safely strengthen the lower body chain<\/li>\n\n\n\n<li class=\"has-custom-primaire-color has-text-color has-link-color wp-elements-189e655505e75ab9dfd1e5cf8be922db translation-block\"><strong>Adjustable cable machines<\/strong> for functional training tailored to every level<\/li>\n\n\n\n<li class=\"translation-block\"><strong>Bike<\/strong> for cardio training, endurance, and overall fitness<\/li>\n\n\n\n<li class=\"translation-block\"><strong>BFR (Blood Flow Restriction Training)<\/strong>, an innovative technology to enhance strength and support muscle recovery<\/li>\n\n\n\n<li class=\"translation-block\"><strong>SEBT (Star Excursion Balance Test)<\/strong> to assess balance, stability, and injury prevention<\/li>\n<\/ul>\n\n\n\n<h3 class=\"wp-block-heading has-text-align-left has-custom-secondaire-color has-text-color has-link-color wp-elements-431ee71a869f71052b1036a82a6fbd74\" style=\"font-style:normal;font-weight:600\">For comprehensive and personalized care<\/h3>\n\n\n\n<p class=\"has-text-align-left has-custom-primaire-color has-text-color has-link-color wp-elements-2194c17968818bc20562556748f6d4ba translation-block\">Our clinic offers a <strong>wide range of weights and accessories<\/strong>, allowing for progression tailored to each patient. Every session is supervised by our specialized physiotherapists to ensure precise, safe, and effective training.<\/p>\n<\/div>\n<\/div>\n<\/div>\n\n\n\n<div class=\"wp-block-cover alignfull is-light\" style=\"padding-top:0px;padding-bottom:0px;min-height:700px;aspect-ratio:unset;\"><span aria-hidden=\"true\" class=\"wp-block-cover__background has-white-background-color has-background-dim-10 has-background-dim\"><\/span><div class=\"wp-block-cover__inner-container has-global-padding is-layout-constrained wp-container-core-cover-is-layout-254c1e2e wp-block-cover-is-layout-constrained\">\n<div class=\"wp-block-columns is-layout-flex wp-container-core-columns-is-layout-1243a572 wp-block-columns-is-layout-flex\">\n<div class=\"wp-block-column is-layout-flow wp-block-column-is-layout-flow\">\n<figure class=\"wp-block-image size-full is-resized has-custom-border\"><img loading=\"lazy\" decoding=\"async\" width=\"1200\" height=\"1600\" src=\"https:\/\/ontherapy.ch\/wp-content\/uploads\/2026\/03\/SalledeSport2OnTHerapyGeneve.jpeg\" alt=\"SalledeSportOnTherapyGeneveGrandSaconnexPhysiotherapie\" class=\"wp-image-561\" style=\"border-radius:50px;aspect-ratio:1;object-fit:cover;width:307px;height:auto\" srcset=\"https:\/\/ontherapy.ch\/wp-content\/uploads\/2026\/03\/SalledeSport2OnTHerapyGeneve.jpeg 1200w, https:\/\/ontherapy.ch\/wp-content\/uploads\/2026\/03\/SalledeSport2OnTHerapyGeneve-225x300.jpeg 225w, https:\/\/ontherapy.ch\/wp-content\/uploads\/2026\/03\/SalledeSport2OnTHerapyGeneve-768x1024.jpeg 768w, https:\/\/ontherapy.ch\/wp-content\/uploads\/2026\/03\/SalledeSport2OnTHerapyGeneve-1152x1536.jpeg 1152w, https:\/\/ontherapy.ch\/wp-content\/uploads\/2026\/03\/SalledeSport2OnTHerapyGeneve-9x12.jpeg 9w\" sizes=\"auto, (max-width: 1200px) 100vw, 1200px\" \/><\/figure>\n<\/div>\n\n\n\n<div class=\"wp-block-column is-vertically-aligned-center is-layout-flow wp-block-column-is-layout-flow\">\n<h2 class=\"wp-block-heading has-custom-secondaire-color has-text-color\" style=\"margin-bottom:40px;font-size:clamp(21.027px, 1.314rem + ((1vw - 3.2px) * 1.474), 34px);font-style:normal;font-weight:600;text-transform:capitalize\">Une salle de travail actif<\/h2>\n\n\n\n<div class=\"wp-block-group has-global-padding is-layout-constrained wp-block-group-is-layout-constrained\">\n<p class=\"has-custom-primaire-color has-text-color\" id=\"X9wB1gXEROMrfIgY\" style=\"margin-bottom:40px;padding-right:0;font-size:clamp(14px, 0.875rem + ((1vw - 3.2px) * 0.682), 20px);\">La salle de travail actif est \u00e9quip\u00e9e pour accompagner chaque patient dans sa r\u00e9\u00e9ducation, sa remise en forme ou son renforcement physique dans un environnement fonctionnel et encadr\u00e9. Elle dispose de leg press, poulies, rack \u00e0 squats, halt\u00e8res et machine de leg extension, offrant tout le n\u00e9cessaire pour travailler l\u2019ensemble du corps de mani\u00e8re progressive, adapt\u00e9e et s\u00e9curis\u00e9e.<\/p>\n<\/div>\n<\/div>\n<\/div>\n<\/div><\/div>\n\n\n\n<div class=\"wp-block-cover alignfull is-light\" style=\"margin-top:0;margin-bottom:0;padding-top:2.9rem;padding-right:0px;padding-bottom:2.01rem;padding-left:0px;min-height:530px;aspect-ratio:unset;\"><span aria-hidden=\"true\" class=\"wp-block-cover__background has-custom-secondaire-background-color has-background-dim-10 has-background-dim\"><\/span><div class=\"wp-block-cover__inner-container is-layout-flow wp-block-cover-is-layout-flow\">\n<div class=\"wp-block-group alignfull is-layout-flow wp-block-group-is-layout-flow\" style=\"margin-top:0px;margin-bottom:0px;padding-top:0rem;padding-right:1px;padding-bottom:2.01rem;padding-left:1px\">\n<div class=\"wp-block-columns alignfull is-layout-flex wp-container-core-columns-is-layout-35290b6f wp-block-columns-is-layout-flex\" style=\"padding-top:0rem\">\n<div class=\"wp-block-column is-layout-flow wp-block-column-is-layout-flow\" style=\"padding-top:1rem;padding-right:0rem;padding-bottom:1rem;padding-left:0rem\">\n<div class=\"wp-block-cover\" style=\"border-radius:50px;padding-right:0.51rem;padding-left:0.51rem;min-height:390px;aspect-ratio:unset;\"><img loading=\"lazy\" decoding=\"async\" width=\"1200\" height=\"1600\" class=\"wp-block-cover__image-background wp-image-560 size-full\" alt=\"\" src=\"https:\/\/ontherapy.ch\/wp-content\/uploads\/2026\/03\/RackOnTherapyGeneve.jpeg\" data-object-fit=\"cover\" srcset=\"https:\/\/ontherapy.ch\/wp-content\/uploads\/2026\/03\/RackOnTherapyGeneve.jpeg 1200w, https:\/\/ontherapy.ch\/wp-content\/uploads\/2026\/03\/RackOnTherapyGeneve-225x300.jpeg 225w, https:\/\/ontherapy.ch\/wp-content\/uploads\/2026\/03\/RackOnTherapyGeneve-768x1024.jpeg 768w, https:\/\/ontherapy.ch\/wp-content\/uploads\/2026\/03\/RackOnTherapyGeneve-1152x1536.jpeg 1152w, https:\/\/ontherapy.ch\/wp-content\/uploads\/2026\/03\/RackOnTherapyGeneve-9x12.jpeg 9w\" sizes=\"auto, (max-width: 1200px) 100vw, 1200px\" \/><span aria-hidden=\"true\" class=\"wp-block-cover__background has-background-dim-0 has-background-dim\" style=\"background-color:#957766\"><\/span><div class=\"wp-block-cover__inner-container has-global-padding is-layout-constrained wp-container-core-cover-is-layout-1a3bd245 wp-block-cover-is-layout-constrained\">\n<h3 class=\"wp-block-heading has-text-align-center has-text-color\" style=\"color:#fffffd;font-size:clamp(1.507rem, 1.507rem + ((1vw - 0.2rem) * 1.824), 2.51rem);\"><\/h3>\n<\/div><\/div>\n<\/div>\n\n\n\n<div class=\"wp-block-column is-layout-flow wp-block-column-is-layout-flow\" style=\"padding-top:1rem;padding-right:0rem;padding-bottom:1rem;padding-left:0rem\">\n<div class=\"wp-block-cover\" style=\"border-radius:50px;padding-right:0.51rem;padding-left:0.51rem;min-height:390px;aspect-ratio:unset;\"><img loading=\"lazy\" decoding=\"async\" width=\"1707\" height=\"2560\" class=\"wp-block-cover__image-background wp-image-459 size-full\" alt=\"Poulies chez On Therapy au Grand-Saconnex\" src=\"https:\/\/ontherapy.ch\/wp-content\/uploads\/2026\/02\/Poulies-scaled.jpg\" data-object-fit=\"cover\" srcset=\"https:\/\/ontherapy.ch\/wp-content\/uploads\/2026\/02\/Poulies-scaled.jpg 1707w, https:\/\/ontherapy.ch\/wp-content\/uploads\/2026\/02\/Poulies-200x300.jpg 200w, https:\/\/ontherapy.ch\/wp-content\/uploads\/2026\/02\/Poulies-683x1024.jpg 683w, https:\/\/ontherapy.ch\/wp-content\/uploads\/2026\/02\/Poulies-768x1152.jpg 768w, https:\/\/ontherapy.ch\/wp-content\/uploads\/2026\/02\/Poulies-1024x1536.jpg 1024w, https:\/\/ontherapy.ch\/wp-content\/uploads\/2026\/02\/Poulies-1365x2048.jpg 1365w, https:\/\/ontherapy.ch\/wp-content\/uploads\/2026\/02\/Poulies-8x12.jpg 8w\" sizes=\"auto, (max-width: 1707px) 100vw, 1707px\" \/><span aria-hidden=\"true\" class=\"wp-block-cover__background has-background-dim-0 has-background-dim\" style=\"background-color:#896a54\"><\/span><div class=\"wp-block-cover__inner-container has-global-padding is-layout-constrained wp-container-core-cover-is-layout-1a3bd245 wp-block-cover-is-layout-constrained\">\n<h3 class=\"wp-block-heading has-text-align-center has-text-color\" style=\"color:#fffffd;font-size:clamp(1.507rem, 1.507rem + ((1vw - 0.2rem) * 1.824), 2.51rem);\"><\/h3>\n<\/div><\/div>\n<\/div>\n\n\n\n<div class=\"wp-block-column is-layout-flow wp-block-column-is-layout-flow\" style=\"padding-top:1rem;padding-right:0rem;padding-bottom:1rem;padding-left:0rem\">\n<div class=\"wp-block-cover\" style=\"border-radius:50px;padding-right:0.51rem;padding-left:0.51rem;min-height:390px;aspect-ratio:unset;\"><img loading=\"lazy\" decoding=\"async\" width=\"1600\" height=\"1200\" class=\"wp-block-cover__image-background wp-image-558 size-full\" alt=\"LegPRessOnTherapyGeneveGrandSaconnex\" src=\"https:\/\/ontherapy.ch\/wp-content\/uploads\/2026\/03\/LegpressOnTherapyGeneve.jpeg\" data-object-fit=\"cover\" srcset=\"https:\/\/ontherapy.ch\/wp-content\/uploads\/2026\/03\/LegpressOnTherapyGeneve.jpeg 1600w, https:\/\/ontherapy.ch\/wp-content\/uploads\/2026\/03\/LegpressOnTherapyGeneve-300x225.jpeg 300w, https:\/\/ontherapy.ch\/wp-content\/uploads\/2026\/03\/LegpressOnTherapyGeneve-1024x768.jpeg 1024w, https:\/\/ontherapy.ch\/wp-content\/uploads\/2026\/03\/LegpressOnTherapyGeneve-768x576.jpeg 768w, https:\/\/ontherapy.ch\/wp-content\/uploads\/2026\/03\/LegpressOnTherapyGeneve-1536x1152.jpeg 1536w, https:\/\/ontherapy.ch\/wp-content\/uploads\/2026\/03\/LegpressOnTherapyGeneve-16x12.jpeg 16w\" sizes=\"auto, (max-width: 1600px) 100vw, 1600px\" \/><span aria-hidden=\"true\" class=\"wp-block-cover__background has-background-dim-0 has-background-dim\" style=\"background-color:#88765e\"><\/span><div class=\"wp-block-cover__inner-container has-global-padding is-layout-constrained wp-container-core-cover-is-layout-1a3bd245 wp-block-cover-is-layout-constrained\">\n<h3 class=\"wp-block-heading has-text-align-center has-text-color\" style=\"color:#fffffd;font-size:clamp(1.507rem, 1.507rem + ((1vw - 0.2rem) * 1.824), 2.51rem);\"><\/h3>\n<\/div><\/div>\n<\/div>\n\n\n\n<div class=\"wp-block-column is-layout-flow wp-block-column-is-layout-flow\" style=\"padding-top:1rem;padding-right:0rem;padding-bottom:1rem;padding-left:0rem\">\n<div class=\"wp-block-cover\" style=\"border-radius:48px;padding-right:0.51rem;padding-left:0.51rem;min-height:390px;aspect-ratio:unset;\"><img loading=\"lazy\" decoding=\"async\" width=\"1200\" height=\"1600\" class=\"wp-block-cover__image-background wp-image-559 size-full\" alt=\"Mat\u00e9riel On Therapy Gen\u00e8ve Grand Saconnex\" src=\"https:\/\/ontherapy.ch\/wp-content\/uploads\/2026\/03\/PoidsOnTherapyGeneve.jpeg\" data-object-fit=\"cover\" srcset=\"https:\/\/ontherapy.ch\/wp-content\/uploads\/2026\/03\/PoidsOnTherapyGeneve.jpeg 1200w, https:\/\/ontherapy.ch\/wp-content\/uploads\/2026\/03\/PoidsOnTherapyGeneve-225x300.jpeg 225w, https:\/\/ontherapy.ch\/wp-content\/uploads\/2026\/03\/PoidsOnTherapyGeneve-768x1024.jpeg 768w, https:\/\/ontherapy.ch\/wp-content\/uploads\/2026\/03\/PoidsOnTherapyGeneve-1152x1536.jpeg 1152w, https:\/\/ontherapy.ch\/wp-content\/uploads\/2026\/03\/PoidsOnTherapyGeneve-9x12.jpeg 9w\" sizes=\"auto, (max-width: 1200px) 100vw, 1200px\" \/><span aria-hidden=\"true\" class=\"wp-block-cover__background has-background-dim-0 has-background-dim\" style=\"background-color:#887667\"><\/span><div class=\"wp-block-cover__inner-container has-global-padding is-layout-constrained wp-container-core-cover-is-layout-1a3bd245 wp-block-cover-is-layout-constrained\">\n<h3 class=\"wp-block-heading has-text-align-center has-text-color\" style=\"color:#fffffd;font-size:clamp(1.507rem, 1.507rem + ((1vw - 0.2rem) * 1.824), 2.51rem);\"><\/h3>\n<\/div><\/div>\n<\/div>\n<\/div>\n<\/div>\n<\/div><\/div>\n\n\n\n<div class=\"wp-block-cover alignfull is-light\" style=\"padding-top:0px;padding-bottom:0px;min-height:700px;aspect-ratio:unset;\"><span aria-hidden=\"true\" class=\"wp-block-cover__background has-white-background-color has-background-dim-10 has-background-dim\"><\/span><div class=\"wp-block-cover__inner-container has-global-padding is-layout-constrained wp-container-core-cover-is-layout-254c1e2e wp-block-cover-is-layout-constrained\">\n<div class=\"wp-block-columns is-layout-flex wp-container-core-columns-is-layout-1243a572 wp-block-columns-is-layout-flex\">\n<div class=\"wp-block-column is-layout-flow wp-block-column-is-layout-flow\">\n<figure class=\"wp-block-image size-full is-resized has-custom-border\"><img loading=\"lazy\" decoding=\"async\" width=\"199\" height=\"265\" src=\"https:\/\/ontherapy.ch\/wp-content\/uploads\/2026\/02\/Cabinedeconsultation.jpg\" alt=\"Cabine de consultaton chez On Therapy au Grand-Saconnex\" class=\"wp-image-462\" style=\"border-radius:50px;aspect-ratio:1;object-fit:cover;width:307px;height:auto\" srcset=\"https:\/\/ontherapy.ch\/wp-content\/uploads\/2026\/02\/Cabinedeconsultation.jpg 199w, https:\/\/ontherapy.ch\/wp-content\/uploads\/2026\/02\/Cabinedeconsultation-9x12.jpg 9w\" sizes=\"auto, (max-width: 199px) 100vw, 199px\" \/><\/figure>\n<\/div>\n\n\n\n<div class=\"wp-block-column is-vertically-aligned-center is-layout-flow wp-block-column-is-layout-flow\">\n<h2 class=\"wp-block-heading has-custom-secondaire-color has-text-color\" style=\"margin-bottom:40px;font-size:clamp(21.027px, 1.314rem + ((1vw - 3.2px) * 1.474), 34px);font-style:normal;font-weight:600;text-transform:capitalize\">3 Treatment Rooms<\/h2>\n\n\n\n<div class=\"wp-block-group has-global-padding is-layout-constrained wp-block-group-is-layout-constrained\">\n<p class=\"has-custom-primaire-color has-text-color translation-block\" id=\"X9wB1gXEROMrfIgY\" style=\"margin-bottom:40px;padding-right:0;font-size:clamp(14px, 0.875rem + ((1vw - 3.2px) * 0.682), 20px);\">The clinic includes <strong>three individual treatment rooms<\/strong>, designed to provide each patient with <strong>personalized care<\/strong> in a <strong>calm and confidential<\/strong> environment. Each space is arranged to promote <strong>high-quality care<\/strong> and <strong>well-being<\/strong> throughout the session.<\/p>\n<\/div>\n<\/div>\n<\/div>\n<\/div><\/div>","protected":false},"excerpt":{"rendered":"<p>Au Cabinet de Physioth\u00e9rapie On Therapy, nous mettons \u00e0 votre disposition un espace moderne et enti\u00e8rement \u00e9quip\u00e9, situ\u00e9 au Grand-Saconnex, aux portes de Gen\u00e8ve.Nos installations ont \u00e9t\u00e9 pens\u00e9es pour la r\u00e9\u00e9ducation, la pr\u00e9vention des blessures et la pr\u00e9paration physique, que vous soyez sportif amateur, professionnel ou simplement soucieux de votre sant\u00e9. Des \u00e9quipements \u00e0 la [&hellip;]<\/p>","protected":false},"author":1,"featured_media":0,"parent":0,"menu_order":0,"comment_status":"closed","ping_status":"closed","template":"","meta":{"footnotes":""},"class_list":["post-22","page","type-page","status-publish","hentry"],"_links":{"self":[{"href":"https:\/\/ontherapy.ch\/en\/wp-json\/wp\/v2\/pages\/22","targetHints":{"allow":["GET"]}}],"collection":[{"href":"https:\/\/ontherapy.ch\/en\/wp-json\/wp\/v2\/pages"}],"about":[{"href":"https:\/\/ontherapy.ch\/en\/wp-json\/wp\/v2\/types\/page"}],"author":[{"embeddable":true,"href":"https:\/\/ontherapy.ch\/en\/wp-json\/wp\/v2\/users\/1"}],"replies":[{"embeddable":true,"href":"https:\/\/ontherapy.ch\/en\/wp-json\/wp\/v2\/comments?post=22"}],"version-history":[{"count":13,"href":"https:\/\/ontherapy.ch\/en\/wp-json\/wp\/v2\/pages\/22\/revisions"}],"predecessor-version":[{"id":566,"href":"https:\/\/ontherapy.ch\/en\/wp-json\/wp\/v2\/pages\/22\/revisions\/566"}],"wp:attachment":[{"href":"https:\/\/ontherapy.ch\/en\/wp-json\/wp\/v2\/media?parent=22"}],"curies":[{"name":"wp","href":"https:\/\/api.w.org\/{rel}","templated":true}]}}