{"id":28,"date":"2025-11-29T15:09:19","date_gmt":"2025-11-29T15:09:19","guid":{"rendered":"https:\/\/ontherapy.ch\/?page_id=28"},"modified":"2026-03-26T15:39:38","modified_gmt":"2026-03-26T15:39:38","slug":"physiotherapie-generale-au-grand-saconnex","status":"publish","type":"page","link":"https:\/\/ontherapy.ch\/en\/physiotherapie-generale-au-grand-saconnex\/","title":{"rendered":"GENERAL PHYSIOTHERAPY"},"content":{"rendered":"<div class=\"wp-block-cover alignfull is-light\" style=\"padding-top:0;padding-bottom:0;min-height:269px;aspect-ratio:unset;\"><img decoding=\"async\" class=\"wp-block-cover__image-background wp-image-1706\" alt=\"\" src=\"https:\/\/images.unsplash.com\/photo-1645005512942-a17817fb7c11?ixid=M3w1NjExMzd8MHwxfHNlYXJjaHw1fHxwaHlzaW90aGVyYXB5fGVufDB8fHx8MTc2MjUwNDY3OHww&amp;ixlib=rb-4.1.0&amp;fm=webp&amp;w=2560\" style=\"object-position:50% 51%\" data-object-fit=\"cover\" data-object-position=\"50% 51%\"\/><span aria-hidden=\"true\" class=\"wp-block-cover__background has-base-background-color has-background-dim-0 has-background-dim\"><\/span><div class=\"wp-block-cover__inner-container is-layout-flow wp-block-cover-is-layout-flow\">\n<p><\/p>\n<\/div><\/div>\n\n\n\n<div class=\"wp-block-cover alignfull is-light\" style=\"margin-top:0;margin-bottom:0;padding-top:100px;padding-bottom:100px\"><span aria-hidden=\"true\" class=\"wp-block-cover__background has-custom-secondaire-background-color has-background-dim-10 has-background-dim\"><\/span><div class=\"wp-block-cover__inner-container has-global-padding is-layout-constrained wp-container-core-cover-is-layout-74bc26e9 wp-block-cover-is-layout-constrained\">\n<h1 class=\"wp-block-heading has-text-align-center has-custom-secondaire-color has-text-color\" style=\"margin-bottom:60px;font-size:clamp(26.465px, 1.654rem + ((1vw - 3.2px) * 2.106), 45px);font-style:normal;font-weight:600\">Physioth\u00e9rapie g\u00e9n\u00e9rale Gen\u00e8ve | On Therapy Grand-Saconnex<\/h1>\n\n\n\n<p class=\"has-text-align-center has-custom-primaire-color has-text-color has-link-color wp-elements-acd76efb62a16fcee4ecabb013f120a4 translation-block\">At <strong>On Therapy<\/strong>, we place <strong>movement and exercise<\/strong> at the heart of our approach, convinced that they are essential drivers for improving each person\u2019s <strong>quality of life<\/strong>.<\/p>\n\n\n\n<p class=\"has-text-align-center has-custom-primaire-color has-text-color has-link-color wp-elements-30999f8db2583f7ee0f6092a71bc82f6 translation-block\"><strong>Physiotherapy<\/strong> is a fundamental healthcare discipline aimed at <strong>restoring, maintaining, and optimizing movement<\/strong> as well as <strong>functional abilities<\/strong> throughout life. It plays a key role when these abilities are affected by injury, pain, illness, surgery, aging, or certain environmental factors. Movement, in all its diversity, lies at the heart of sustainable and balanced health.<\/p>\n\n\n\n<p class=\"has-text-align-center has-custom-primaire-color has-text-color has-link-color wp-elements-3e14ce5e93e956a1a6645d601f225666 translation-block\">Our physiotherapists work in <strong>close collaboration<\/strong> with you and, when necessary, with other healthcare professionals. Together, we assess your movement potential and define <strong>personalized goals<\/strong>.\n\nThrough a comprehensive approach, our therapists support you in <strong>prevention<\/strong>, <strong>recovery<\/strong>, and <strong>rehabilitation<\/strong>, taking into account the <strong>physical, psychological, emotional, and social<\/strong> aspects of your health.<\/p>\n\n\n\n<p class=\"has-text-align-center has-custom-primaire-color has-text-color has-link-color wp-elements-06934c8ddd53a67a42a08410e7d535fe translation-block\">We primarily work in the <strong>musculoskeletal<\/strong> and <strong>cardiorespiratory<\/strong> fields.<\/p>\n<\/div><\/div>\n\n\n\n<div class=\"wp-block-cover alignfull is-light\" style=\"margin-top:0;margin-bottom:0;padding-top:0px;padding-bottom:0px;min-height:802px;aspect-ratio:unset;\"><span aria-hidden=\"true\" class=\"wp-block-cover__background has-white-background-color has-background-dim-10 has-background-dim\"><\/span><div class=\"wp-block-cover__inner-container has-global-padding is-layout-constrained wp-container-core-cover-is-layout-8443115b wp-block-cover-is-layout-constrained\">\n<section class=\"wp-block-group alignfull has-text-color has-global-padding is-layout-constrained wp-container-core-group-is-layout-b691706e wp-block-group-is-layout-constrained\" style=\"color:#03081e;margin-top:0px;padding-top:4.01rem;padding-right:1rem;padding-bottom:5.5rem;padding-left:1rem;font-size:clamp(0.875rem, 0.875rem + ((1vw - 0.2rem) * 0.464), 1.13rem);font-style:normal;font-weight:400;line-height:1.4\">\n<div class=\"wp-block-columns is-layout-flex wp-container-core-columns-is-layout-db2df21c wp-block-columns-is-layout-flex\" style=\"margin-bottom:0px\">\n<div class=\"wp-block-column is-layout-flow wp-block-column-is-layout-flow\">\n<div class=\"wp-block-group is-vertical is-content-justification-left is-layout-flex wp-container-core-group-is-layout-c5d44cae wp-block-group-is-layout-flex\" style=\"min-height:100%\">\n<div class=\"wp-block-group has-global-padding is-content-justification-center is-layout-constrained wp-container-core-group-is-layout-b15c80d6 wp-block-group-is-layout-constrained\">\n<h3 class=\"wp-block-heading has-text-align-left has-custom-secondaire-color has-text-color\" style=\"margin-top:0.5rem;margin-bottom:1.01rem;font-size:clamp(1.044rem, 1.044rem + ((1vw - 0.2rem) * 1.029), 1.61rem);font-style:normal;font-weight:500;letter-spacing:0px;line-height:1.3;text-transform:capitalize\">Our Commitments<\/h3>\n\n\n\n<p class=\"has-text-align-left has-custom-primaire-color has-text-color translation-block\" style=\"margin-top:0rem;margin-right:0;font-size:clamp(0.875rem, 0.875rem + ((1vw - 0.2rem) * 0.245), 1.01rem);font-style:normal;font-weight:400;line-height:1.3\"><strong>A comprehensive assessment<\/strong> from the very first session to accurately understand your needs and goals.<br><br> <strong>A tailored treatment plan<\/strong>, designed according to your condition, abilities, and pace of progress.<br><br> <strong>Personalized sessions<\/strong>, focused on restoring your function and helping you return to your activities.<br><br> <strong>Ongoing follow-up<\/strong> with regular reassessments to adjust your care plan and optimize results.<br><br> <strong>Practical advice<\/strong> to empower you in your rehabilitation and promote your independence in daily life.<br><br> <strong>An interdisciplinary approach<\/strong>, collaborating with other healthcare professionals when beneficial.<\/p>\n<\/div>\n<\/div>\n<\/div>\n\n\n\n<div class=\"wp-block-column has-global-padding is-content-justification-left is-layout-constrained wp-container-core-column-is-layout-12dd3699 wp-block-column-is-layout-constrained\" style=\"flex-basis:50%\">\n<figure class=\"wp-block-image aligncenter size-full is-resized has-custom-border is-style-rounded\" style=\"margin-right:0;margin-left:0\"><img decoding=\"async\" src=\"http:\/\/sportsantepr.ch\/wp-content\/uploads\/2025\/11\/a-c-JNwba6cv4e0-unsplash-1-scaled.jpg\" alt=\"\" class=\"wp-image-392\" style=\"border-style:none;border-width:0px;border-radius:50px;width:323px;height:auto\"\/><\/figure>\n<\/div>\n<\/div>\n\n\n\n<p class=\"has-text-align-center has-text-color has-link-color has-large-font-size wp-elements-f59ec53829cad534da3f76a8178f931c\" style=\"color:#44957f;margin-top:var(--wp--preset--spacing--70);margin-bottom:var(--wp--preset--spacing--70)\"><\/p>\n<\/section>\n<\/div><\/div>\n\n\n\n<div class=\"wp-block-cover alignfull is-light\" style=\"margin-top:0;margin-bottom:0;padding-top:14px;padding-bottom:14px\"><span aria-hidden=\"true\" class=\"wp-block-cover__background has-custom-secondaire-background-color has-background-dim-10 has-background-dim\"><\/span><div class=\"wp-block-cover__inner-container has-global-padding is-layout-constrained wp-container-core-cover-is-layout-f758a593 wp-block-cover-is-layout-constrained\">\n<p class=\"has-text-align-center has-custom-secondaire-color has-text-color has-link-color has-large-font-size wp-elements-7ed9fd8633734dd24b38d5002bd5026b\" style=\"margin-top:var(--wp--preset--spacing--70);margin-bottom:var(--wp--preset--spacing--70);font-style:normal;font-weight:600\">Our Areas of Expertise<\/p>\n\n\n\n<p><\/p>\n\n\n\n<div class=\"wp-block-columns is-layout-flex wp-container-core-columns-is-layout-f2b4f319 wp-block-columns-is-layout-flex\">\n<div class=\"wp-block-column has-background is-layout-flow wp-block-column-is-layout-flow\" style=\"border-radius:50px;background-color:#ffffff3d;padding-bottom:0\">\n<figure class=\"wp-block-image size-full has-custom-border\"><img decoding=\"async\" src=\"https:\/\/www.sportsantepr.ch\/wp-content\/uploads\/2025\/11\/clinic-8518335_12802-1.jpg\" alt=\"\" class=\"wp-image-606\" style=\"border-radius:50px;aspect-ratio:4\/3;object-fit:cover\"\/><\/figure>\n\n\n\n<p class=\"has-text-align-center has-custom-secondaire-color has-text-color\" style=\"border-radius:0px;margin-top:40px;font-size:clamp(14px, 0.875rem + ((1vw - 3.2px) * 0.455), 18px);font-style:normal;font-weight:500\"><a href=\"https:\/\/ontherapy.ch\/en\/physiotherapie-generale-au-grand-saconnex\/\" data-type=\"page\" data-id=\"28\">General Physiotherapy<\/a><\/p>\n<\/div>\n\n\n\n<div class=\"wp-block-column has-background is-layout-flow wp-block-column-is-layout-flow\" style=\"border-radius:50px;background-color:#ffffff3d;padding-bottom:0\">\n<figure class=\"wp-block-image size-full has-custom-border\"><img decoding=\"async\" src=\"https:\/\/www.sportsantepr.ch\/wp-content\/uploads\/2025\/11\/dumbbells-2465478_1280-1.jpg\" alt=\"\" class=\"wp-image-607\" style=\"border-radius:50px;aspect-ratio:4\/3;object-fit:cover\"\/><\/figure>\n\n\n\n<p class=\"has-text-align-center has-custom-secondaire-color has-text-color\" style=\"border-radius:0px;margin-top:40px;font-size:clamp(14px, 0.875rem + ((1vw - 3.2px) * 0.455), 18px);font-style:normal;font-weight:500\"><a href=\"https:\/\/ontherapy.ch\/en\/physiotherapie-du-sport-au-grand-saconnex\/\" data-type=\"page\" data-id=\"26\">Sports Physiotherapy<\/a><\/p>\n<\/div>\n\n\n\n<div class=\"wp-block-column has-background is-layout-flow wp-block-column-is-layout-flow\" style=\"border-radius:50px;background-color:#ffffff3d;padding-bottom:0\">\n<figure class=\"wp-block-image size-full has-custom-border\"><img decoding=\"async\" src=\"https:\/\/www.sportsantepr.ch\/wp-content\/uploads\/2025\/11\/judy-beth-morris-kKEHYN6gALQ-unsplash.jpg\" alt=\"\" class=\"wp-image-611\" style=\"border-radius:50px;aspect-ratio:4\/3;object-fit:cover\"\/><\/figure>\n\n\n\n<p class=\"has-text-align-center has-custom-secondaire-color has-text-color\" style=\"border-radius:0px;margin-top:40px;font-size:clamp(14px, 0.875rem + ((1vw - 3.2px) * 0.455), 18px);font-style:normal;font-weight:500\"><a href=\"https:\/\/ontherapy.ch\/en\/physiotherapie-pre-post-operatoire\/\" data-type=\"page\" data-id=\"544\">Pre- and Post-Operative Physiotherapy<\/a><\/p>\n<\/div>\n\n\n\n<div class=\"wp-block-column has-background is-layout-flow wp-block-column-is-layout-flow\" style=\"border-radius:50px;background-color:#ffffff3d;padding-bottom:0\">\n<figure class=\"wp-block-image size-full has-custom-border\"><img decoding=\"async\" src=\"https:\/\/www.sportsantepr.ch\/wp-content\/uploads\/2025\/11\/pexels-karola-g-4506105-scaled.jpg\" alt=\"\" class=\"wp-image-610\" style=\"border-radius:50px;aspect-ratio:4\/3;object-fit:cover\"\/><\/figure>\n\n\n\n<p class=\"has-text-align-center has-custom-secondaire-color has-text-color\" style=\"border-radius:0px;margin-top:40px;font-size:clamp(14px, 0.875rem + ((1vw - 3.2px) * 0.455), 18px);font-style:normal;font-weight:500\"><a href=\"https:\/\/ontherapy.ch\/en\/troubles-musculosquelettiques\/\" data-type=\"page\" data-id=\"548\">Musculoskeletal Disorders<\/a><\/p>\n<\/div>\n<\/div>\n<\/div><\/div>\n\n\n\n<h3 class=\"wp-block-heading has-text-align-center\">Vous recherchez aussi un cabinet de <strong><a href=\"https:\/\/ontherapy.ch\/en\/physiotherapie-geneve\/\" data-type=\"page\" data-id=\"593\">physioth\u00e9rapie \u00e0 Gen\u00e8ve<\/a><\/strong> ? D\u00e9couvrez notre page d\u00e9di\u00e9e.<\/h3>\n\n\n\n<p><\/p>","protected":false},"excerpt":{"rendered":"<p>Vous recherchez aussi un cabinet de physioth\u00e9rapie \u00e0 Gen\u00e8ve ? D\u00e9couvrez notre page d\u00e9di\u00e9e.<\/p>","protected":false},"author":1,"featured_media":0,"parent":0,"menu_order":0,"comment_status":"closed","ping_status":"closed","template":"","meta":{"footnotes":""},"class_list":["post-28","page","type-page","status-publish","hentry"],"_links":{"self":[{"href":"https:\/\/ontherapy.ch\/en\/wp-json\/wp\/v2\/pages\/28","targetHints":{"allow":["GET"]}}],"collection":[{"href":"https:\/\/ontherapy.ch\/en\/wp-json\/wp\/v2\/pages"}],"about":[{"href":"https:\/\/ontherapy.ch\/en\/wp-json\/wp\/v2\/types\/page"}],"author":[{"embeddable":true,"href":"https:\/\/ontherapy.ch\/en\/wp-json\/wp\/v2\/users\/1"}],"replies":[{"embeddable":true,"href":"https:\/\/ontherapy.ch\/en\/wp-json\/wp\/v2\/comments?post=28"}],"version-history":[{"count":18,"href":"https:\/\/ontherapy.ch\/en\/wp-json\/wp\/v2\/pages\/28\/revisions"}],"predecessor-version":[{"id":599,"href":"https:\/\/ontherapy.ch\/en\/wp-json\/wp\/v2\/pages\/28\/revisions\/599"}],"wp:attachment":[{"href":"https:\/\/ontherapy.ch\/en\/wp-json\/wp\/v2\/media?parent=28"}],"curies":[{"name":"wp","href":"https:\/\/api.w.org\/{rel}","templated":true}]}}