{"id":34,"date":"2025-11-29T15:10:57","date_gmt":"2025-11-29T15:10:57","guid":{"rendered":"https:\/\/ontherapy.ch\/?page_id=34"},"modified":"2026-01-22T13:07:14","modified_gmt":"2026-01-22T13:07:14","slug":"narcisse-dall-agnolo","status":"publish","type":"page","link":"https:\/\/ontherapy.ch\/en\/narcisse-dall-agnolo\/","title":{"rendered":"NARCISSE D&rsquo;ALL AGNOLO"},"content":{"rendered":"<section class=\"wp-block-group alignfull has-global-padding is-layout-constrained wp-container-core-group-is-layout-05455e64 wp-block-group-is-layout-constrained\" style=\"margin-top:0px;padding-top:6rem;padding-right:1rem;padding-bottom:4.5rem;padding-left:1rem;font-size:clamp(0.875rem, 0.875rem + ((1vw - 0.2rem) * 0.464), 1.13rem);font-style:normal;font-weight:400;line-height:1.4\">\n<div class=\"wp-block-columns is-layout-flex wp-container-core-columns-is-layout-2e7296b4 wp-block-columns-is-layout-flex\" style=\"margin-bottom:0px\">\n<div class=\"wp-block-column is-vertically-aligned-center is-layout-flow wp-block-column-is-layout-flow\" style=\"padding-right:1rem;padding-left:1rem;flex-basis:35%\">\n<figure class=\"wp-block-image aligncenter size-full is-resized has-custom-border\"><img loading=\"lazy\" decoding=\"async\" width=\"200\" height=\"200\" src=\"https:\/\/ontherapy.ch\/wp-content\/uploads\/2026\/01\/Narcisse7.jpg\" alt=\"\" class=\"wp-image-245\" style=\"border-radius:50px;width:217px;height:auto\" srcset=\"https:\/\/ontherapy.ch\/wp-content\/uploads\/2026\/01\/Narcisse7.jpg 200w, https:\/\/ontherapy.ch\/wp-content\/uploads\/2026\/01\/Narcisse7-150x150.jpg 150w, https:\/\/ontherapy.ch\/wp-content\/uploads\/2026\/01\/Narcisse7-12x12.jpg 12w\" sizes=\"auto, (max-width: 200px) 100vw, 200px\" \/><\/figure>\n<\/div>\n\n\n\n<div class=\"wp-block-column has-global-padding is-layout-constrained wp-container-core-column-is-layout-b4ec969c wp-block-column-is-layout-constrained\" style=\"padding-top:2.01rem\">\n<div class=\"wp-block-group has-global-padding is-layout-constrained wp-container-core-group-is-layout-dca71664 wp-block-group-is-layout-constrained\" style=\"min-height:100%\">\n<h3 class=\"wp-block-heading has-text-align-center has-custom-secondaire-color has-text-color\" style=\"margin-top:0.5rem;margin-bottom:0rem;font-size:clamp(1.556rem, 1.556rem + ((1vw - 0.2rem) * 1.916), 2.61rem);font-style:normal;font-weight:500;letter-spacing:0px;line-height:1.3\">Narcisse d&rsquo;all Agnolo<\/h3>\n\n\n\n<p class=\"has-text-align-center has-custom-primaire-color has-text-color\" style=\"margin-top:0rem;font-size:clamp(0.875rem, 0.875rem + ((1vw - 0.2rem) * 0.245), 1.01rem);font-style:normal;font-weight:400;line-height:1.5\"><strong>Physioth\u00e9rapeute &#8211; Acupuncteur <\/strong> <\/p>\n\n\n\n<p class=\"has-text-align-center has-custom-primaire-color has-text-color\" style=\"margin-top:0rem;font-size:clamp(0.875rem, 0.875rem + ((1vw - 0.2rem) * 0.245), 1.01rem);font-style:normal;font-weight:400;line-height:1.5\"><strong>Dipl\u00f4m\u00e9 de l&rsquo;Universit\u00e9 ISCAM Bruxelles<\/strong><\/p>\n\n\n\n<p class=\"has-text-align-center has-text-color\" style=\"color:#010101;margin-top:0rem;font-size:clamp(0.875rem, 0.875rem + ((1vw - 0.2rem) * 0.245), 1.01rem);font-style:normal;font-weight:400;line-height:1.5\"><\/p>\n\n\n\n<p class=\"has-text-align-center has-custom-primaire-color has-text-color\" style=\"margin-top:0rem;font-size:clamp(0.875rem, 0.875rem + ((1vw - 0.2rem) * 0.245), 1.01rem);font-style:normal;font-weight:400;line-height:1.5\">Langues parl\u00e9es : Fran\u00e7ais &#8211; Anglais<\/p>\n\n\n\n<div class=\"wp-block-group is-vertical is-content-justification-stretch is-layout-flex wp-container-core-group-is-layout-53ad70e0 wp-block-group-is-layout-flex\" style=\"margin-top:1.61rem;padding-right:0px;padding-left:0px\">\n<div class=\"wp-block-group has-global-padding is-content-justification-center is-layout-constrained wp-container-core-group-is-layout-2f0bcb29 wp-block-group-is-layout-constrained\" style=\"margin-top:0px\">\n<div class=\"wp-block-buttons is-horizontal is-content-justification-right is-layout-flex wp-container-core-buttons-is-layout-099266fd wp-block-buttons-is-layout-flex\" style=\"margin-top:0.51rem\">\n<div class=\"wp-block-button has-custom-width wp-block-button__width-100 is-style-fill\"><a class=\"wp-block-button__link has-custom-secondaire-background-color has-text-color has-background has-custom-font-size wp-element-button\" href=\"https:\/\/ontherapy.ch\/en\/rendez-vous\/\" style=\"border-style:none;border-width:0px;border-radius:0rem;color:#fffffd;padding-top:0.71rem;padding-right:0.31rem;padding-bottom:0.71rem;padding-left:0.31rem;font-size:clamp(0.875rem, 0.875rem + ((1vw - 0.2rem) * 0.245), 1.01rem);font-style:normal;font-weight:600;line-height:1.5;text-transform:uppercase\">Prendre RENDEZ-VOUS<\/a><\/div>\n<\/div>\n<\/div>\n<\/div>\n<\/div>\n<\/div>\n<\/div>\n<\/section>","protected":false},"excerpt":{"rendered":"<p>Narcisse d&rsquo;all Agnolo Physioth\u00e9rapeute &#8211; Acupuncteur Dipl\u00f4m\u00e9 de l&rsquo;Universit\u00e9 ISCAM Bruxelles Langues parl\u00e9es : Fran\u00e7ais &#8211; Anglais<\/p>","protected":false},"author":1,"featured_media":0,"parent":0,"menu_order":0,"comment_status":"closed","ping_status":"closed","template":"","meta":{"footnotes":""},"class_list":["post-34","page","type-page","status-publish","hentry"],"_links":{"self":[{"href":"https:\/\/ontherapy.ch\/en\/wp-json\/wp\/v2\/pages\/34","targetHints":{"allow":["GET"]}}],"collection":[{"href":"https:\/\/ontherapy.ch\/en\/wp-json\/wp\/v2\/pages"}],"about":[{"href":"https:\/\/ontherapy.ch\/en\/wp-json\/wp\/v2\/types\/page"}],"author":[{"embeddable":true,"href":"https:\/\/ontherapy.ch\/en\/wp-json\/wp\/v2\/users\/1"}],"replies":[{"embeddable":true,"href":"https:\/\/ontherapy.ch\/en\/wp-json\/wp\/v2\/comments?post=34"}],"version-history":[{"count":3,"href":"https:\/\/ontherapy.ch\/en\/wp-json\/wp\/v2\/pages\/34\/revisions"}],"predecessor-version":[{"id":247,"href":"https:\/\/ontherapy.ch\/en\/wp-json\/wp\/v2\/pages\/34\/revisions\/247"}],"wp:attachment":[{"href":"https:\/\/ontherapy.ch\/en\/wp-json\/wp\/v2\/media?parent=34"}],"curies":[{"name":"wp","href":"https:\/\/api.w.org\/{rel}","templated":true}]}}