{"id":36,"date":"2025-11-29T15:11:15","date_gmt":"2025-11-29T15:11:15","guid":{"rendered":"https:\/\/ontherapy.ch\/?page_id=36"},"modified":"2026-02-17T17:43:33","modified_gmt":"2026-02-17T17:43:33","slug":"alison-beck","status":"publish","type":"page","link":"https:\/\/ontherapy.ch\/en\/alison-beck\/","title":{"rendered":"ALISON BECK"},"content":{"rendered":"<section class=\"wp-block-group alignfull has-global-padding is-layout-constrained wp-container-core-group-is-layout-05455e64 wp-block-group-is-layout-constrained\" style=\"margin-top:0px;padding-top:6rem;padding-right:1rem;padding-bottom:4.5rem;padding-left:1rem;font-size:clamp(0.875rem, 0.875rem + ((1vw - 0.2rem) * 0.464), 1.13rem);font-style:normal;font-weight:400;line-height:1.4\">\n<div class=\"wp-block-columns is-layout-flex wp-container-core-columns-is-layout-2e7296b4 wp-block-columns-is-layout-flex\" style=\"margin-bottom:0px\">\n<div class=\"wp-block-column is-vertically-aligned-center is-layout-flow wp-block-column-is-layout-flow\" style=\"padding-right:1rem;padding-left:1rem;flex-basis:35%\">\n<figure class=\"wp-block-image aligncenter size-full is-resized has-custom-border\"><img loading=\"lazy\" decoding=\"async\" width=\"377\" height=\"377\" src=\"https:\/\/ontherapy.ch\/wp-content\/uploads\/2026\/02\/AlisonBeck.jpeg\" alt=\"\" class=\"wp-image-481\" style=\"border-radius:50px;width:217px;height:auto\" srcset=\"https:\/\/ontherapy.ch\/wp-content\/uploads\/2026\/02\/AlisonBeck.jpeg 377w, https:\/\/ontherapy.ch\/wp-content\/uploads\/2026\/02\/AlisonBeck-300x300.jpeg 300w, https:\/\/ontherapy.ch\/wp-content\/uploads\/2026\/02\/AlisonBeck-150x150.jpeg 150w, https:\/\/ontherapy.ch\/wp-content\/uploads\/2026\/02\/AlisonBeck-12x12.jpeg 12w\" sizes=\"auto, (max-width: 377px) 100vw, 377px\" \/><\/figure>\n<\/div>\n\n\n\n<div class=\"wp-block-column has-global-padding is-layout-constrained wp-container-core-column-is-layout-b4ec969c wp-block-column-is-layout-constrained\" style=\"padding-top:2.01rem\">\n<div class=\"wp-block-group has-global-padding is-layout-constrained wp-container-core-group-is-layout-dca71664 wp-block-group-is-layout-constrained\" style=\"min-height:100%\">\n<h3 class=\"wp-block-heading has-text-align-center has-custom-secondaire-color has-text-color\" style=\"margin-top:0.5rem;margin-bottom:0rem;font-size:clamp(1.556rem, 1.556rem + ((1vw - 0.2rem) * 1.916), 2.61rem);font-style:normal;font-weight:500;letter-spacing:0px;line-height:1.3\">Alison Beck<\/h3>\n\n\n\n<p class=\"has-text-align-center has-custom-primaire-color has-text-color\" style=\"margin-top:0rem;font-size:clamp(0.875rem, 0.875rem + ((1vw - 0.2rem) * 0.245), 1.01rem);font-style:normal;font-weight:400;line-height:1.5\"><strong>Th\u00e9rapeute craniosacrale<\/strong><br>Dipl\u00f4m\u00e9e de Da-Sein Institut Wintertur<\/p>\n\n\n\n<p><\/p>\n\n\n\n<p class=\"has-text-align-center has-custom-primaire-color has-text-color\" style=\"margin-top:0rem;font-size:clamp(0.875rem, 0.875rem + ((1vw - 0.2rem) * 0.245), 1.01rem);font-style:normal;font-weight:400;line-height:1.5\">Langues parl\u00e9es : Fran\u00e7ais &#8211; Anglais<\/p>\n\n\n\n<div class=\"wp-block-group is-vertical is-content-justification-stretch is-layout-flex wp-container-core-group-is-layout-53ad70e0 wp-block-group-is-layout-flex\" style=\"margin-top:1.61rem;padding-right:0px;padding-left:0px\">\n<div class=\"wp-block-group has-global-padding is-content-justification-center is-layout-constrained wp-container-core-group-is-layout-2f0bcb29 wp-block-group-is-layout-constrained\" style=\"margin-top:0px\">\n<div class=\"wp-block-buttons is-horizontal is-content-justification-right is-layout-flex wp-container-core-buttons-is-layout-099266fd wp-block-buttons-is-layout-flex\" style=\"margin-top:0.51rem\">\n<div class=\"wp-block-button has-custom-width wp-block-button__width-100 is-style-fill\"><a class=\"wp-block-button__link has-custom-secondaire-background-color has-text-color has-background has-custom-font-size wp-element-button\" href=\"https:\/\/patportal.cdm.ch\/?practitioner=7802e97d-176d-4fc1-a1be-0ff8999d39ff&amp;source=link&amp;lang=fr\" style=\"border-style:none;border-width:0px;border-radius:0rem;color:#fffffd;padding-top:0.71rem;padding-right:0.31rem;padding-bottom:0.71rem;padding-left:0.31rem;font-size:clamp(0.875rem, 0.875rem + ((1vw - 0.2rem) * 0.245), 1.01rem);font-style:normal;font-weight:600;line-height:1.5;text-transform:uppercase\" target=\"_blank\" rel=\"noopener\">Prendre RENDEZ-VOUS<\/a><\/div>\n<\/div>\n<\/div>\n<\/div>\n<\/div>\n<\/div>\n<\/div>\n<\/section>\n\n\n\n<p><\/p>","protected":false},"excerpt":{"rendered":"<p>Alison Beck Th\u00e9rapeute craniosacraleDipl\u00f4m\u00e9e de Da-Sein Institut Wintertur Langues parl\u00e9es : Fran\u00e7ais &#8211; Anglais<\/p>","protected":false},"author":1,"featured_media":0,"parent":0,"menu_order":0,"comment_status":"closed","ping_status":"closed","template":"","meta":{"footnotes":""},"class_list":["post-36","page","type-page","status-publish","hentry"],"_links":{"self":[{"href":"https:\/\/ontherapy.ch\/en\/wp-json\/wp\/v2\/pages\/36","targetHints":{"allow":["GET"]}}],"collection":[{"href":"https:\/\/ontherapy.ch\/en\/wp-json\/wp\/v2\/pages"}],"about":[{"href":"https:\/\/ontherapy.ch\/en\/wp-json\/wp\/v2\/types\/page"}],"author":[{"embeddable":true,"href":"https:\/\/ontherapy.ch\/en\/wp-json\/wp\/v2\/users\/1"}],"replies":[{"embeddable":true,"href":"https:\/\/ontherapy.ch\/en\/wp-json\/wp\/v2\/comments?post=36"}],"version-history":[{"count":7,"href":"https:\/\/ontherapy.ch\/en\/wp-json\/wp\/v2\/pages\/36\/revisions"}],"predecessor-version":[{"id":485,"href":"https:\/\/ontherapy.ch\/en\/wp-json\/wp\/v2\/pages\/36\/revisions\/485"}],"wp:attachment":[{"href":"https:\/\/ontherapy.ch\/en\/wp-json\/wp\/v2\/media?parent=36"}],"curies":[{"name":"wp","href":"https:\/\/api.w.org\/{rel}","templated":true}]}}